{"id":6692,"date":"2022-07-20T16:51:00","date_gmt":"2022-07-20T16:51:00","guid":{"rendered":"https:\/\/dx.trade\/dxtrade-movil\/"},"modified":"2024-04-05T09:05:20","modified_gmt":"2024-04-05T09:05:20","slug":"dxtrade-movil","status":"publish","type":"page","link":"https:\/\/dx.trade\/es\/dxtrade-cfd\/dxtrade-movil\/","title":{"rendered":"DXtrade M\u00f3vil"},"content":{"rendered":"\n<div class=\"wp-block-group topGlow topGlowMobile is-layout-constrained wp-block-group-is-layout-constrained\" style=\"padding-top:var(--wp--preset--spacing--40-px)\">\n<div class=\"wp-block-columns is-layout-flex wp-container-core-columns-is-layout-9d6595d7 wp-block-columns-is-layout-flex\">\n<div class=\"wp-block-column is-layout-flow wp-block-column-is-layout-flow\">\n<h1 class=\"wp-block-heading has-text-align-center\" id=\"h-dxtrade-cfd-movil\" style=\"margin-bottom:var(--wp--preset--spacing--32-px)\">DXtrade CFD <span class=\"gradientText\">M\u00f3vil<\/span><\/h1>\n\n\n\n<figure class=\"wp-block-image aligncenter size-large is-resized\"><a href=\"https:\/\/dx.trade\/app\/uploads\/2023\/09\/cdf-mobile-main-1024x623.png\"><img loading=\"lazy\" decoding=\"async\" width=\"1024\" height=\"623\" src=\"https:\/\/dx.trade\/app\/uploads\/2023\/09\/cdf-mobile-main-1024x623.png\" alt=\"\" class=\"wp-image-2893\" style=\"width:920px;height:undefinedpx\" srcset=\"https:\/\/dx.trade\/app\/uploads\/2023\/09\/cdf-mobile-main-1024x623.png 1024w, https:\/\/dx.trade\/app\/uploads\/2023\/09\/cdf-mobile-main-1102x671.png 1102w, https:\/\/dx.trade\/app\/uploads\/2023\/09\/cdf-mobile-main-430x262.png 430w, https:\/\/dx.trade\/app\/uploads\/2023\/09\/cdf-mobile-main-473x288.png 473w, https:\/\/dx.trade\/app\/uploads\/2023\/09\/cdf-mobile-main-112x68.png 112w, https:\/\/dx.trade\/app\/uploads\/2023\/09\/cdf-mobile-main-140x85.png 140w, https:\/\/dx.trade\/app\/uploads\/2023\/09\/cdf-mobile-main-320x195.png 320w, https:\/\/dx.trade\/app\/uploads\/2023\/09\/cdf-mobile-main-512x312.png 512w, https:\/\/dx.trade\/app\/uploads\/2023\/09\/cdf-mobile-main-160x97.png 160w, https:\/\/dx.trade\/app\/uploads\/2023\/09\/cdf-mobile-main-300x183.png 300w, https:\/\/dx.trade\/app\/uploads\/2023\/09\/cdf-mobile-main-768x467.png 768w, https:\/\/dx.trade\/app\/uploads\/2023\/09\/cdf-mobile-main-1536x935.png 1536w, https:\/\/dx.trade\/app\/uploads\/2023\/09\/cdf-mobile-main-130x79.png 130w, https:\/\/dx.trade\/app\/uploads\/2023\/09\/cdf-mobile-main-150x91.png 150w, https:\/\/dx.trade\/app\/uploads\/2023\/09\/cdf-mobile-main-180x110.png 180w, https:\/\/dx.trade\/app\/uploads\/2023\/09\/cdf-mobile-main-380x231.png 380w, https:\/\/dx.trade\/app\/uploads\/2023\/09\/cdf-mobile-main-420x256.png 420w, https:\/\/dx.trade\/app\/uploads\/2023\/09\/cdf-mobile-main-460x280.png 460w, https:\/\/dx.trade\/app\/uploads\/2023\/09\/cdf-mobile-main-468x285.png 468w, https:\/\/dx.trade\/app\/uploads\/2023\/09\/cdf-mobile-main-480x292.png 480w, https:\/\/dx.trade\/app\/uploads\/2023\/09\/cdf-mobile-main-500x304.png 500w, https:\/\/dx.trade\/app\/uploads\/2023\/09\/cdf-mobile-main-580x353.png 580w, https:\/\/dx.trade\/app\/uploads\/2023\/09\/cdf-mobile-main-780x475.png 780w, https:\/\/dx.trade\/app\/uploads\/2023\/09\/cdf-mobile-main-1020x621.png 1020w, https:\/\/dx.trade\/app\/uploads\/2023\/09\/cdf-mobile-main-1300x791.png 1300w, https:\/\/dx.trade\/app\/uploads\/2023\/09\/cdf-mobile-main-1366x831.png 1366w, https:\/\/dx.trade\/app\/uploads\/2023\/09\/cdf-mobile-main-1680x1023.png 1680w, https:\/\/dx.trade\/app\/uploads\/2023\/09\/cdf-mobile-main-668x407.png 668w, https:\/\/dx.trade\/app\/uploads\/2023\/09\/cdf-mobile-main-1336x813.png 1336w, https:\/\/dx.trade\/app\/uploads\/2023\/09\/cdf-mobile-main-725x441.png 725w, https:\/\/dx.trade\/app\/uploads\/2023\/09\/cdf-mobile-main-127x77.png 127w, https:\/\/dx.trade\/app\/uploads\/2023\/09\/cdf-mobile-main.png 1840w\" sizes=\"auto, (max-width: 1024px) 100vw, 1024px\" \/><\/a><\/figure>\n<\/div>\n<\/div>\n<\/div>\n\n\n\n<div class=\"wp-block-columns smallGlow is-layout-flex wp-container-core-columns-is-layout-cbd92a1c wp-block-columns-is-layout-flex\" style=\"padding-top:var(--wp--preset--spacing--80-px);padding-bottom:var(--wp--preset--spacing--80-px)\">\n<div class=\"wp-block-column is-layout-flow wp-block-column-is-layout-flow\">\n<h3 class=\"wp-block-heading has-text-align-center\" id=\"h-proporciona-a-los-clientes-su-propia-aplicacion-de-trading-para-ios-y-android\" style=\"margin-bottom:var(--wp--preset--spacing--24-px)\">Proporciona a los clientes su propia aplicaci\u00f3n de trading para <span class=\"gradientText\">iOS<\/span><br>y <span class=\"gradientText\">Android<\/span><\/h3>\n\n\n\n<div class=\"wp-block-buttons is-content-justification-center is-layout-flex wp-container-core-buttons-is-layout-16018d1d wp-block-buttons-is-layout-flex\">\n<div class=\"wp-block-button\"><a class=\"wp-block-button__link wp-element-button\" href=\"https:\/\/dx.trade\/request-a-demo\/?platform=cfd\">Prueba DXtrade CFD<\/a><\/div>\n<\/div>\n<\/div>\n<\/div>\n\n\n\n<div class=\"wp-block-columns is-layout-flex wp-container-core-columns-is-layout-297b9431 wp-block-columns-is-layout-flex\" style=\"padding-bottom:var(--wp--preset--spacing--60-px)\">\n<div class=\"wp-block-column is-layout-flow wp-block-column-is-layout-flow\">\n<div class=\"wp-block-dxtrade-zebra mediaPosition-right verticalAlignment-center\"><div class=\"zebraBlockColumn columnImage\"><figure class=\"zebraBlockFigure\"><a href=\"https:\/\/dx.trade\/app\/uploads\/2023\/11\/order-types.png\"><img decoding=\"async\" src=\"https:\/\/dx.trade\/app\/uploads\/2023\/11\/order-types.png\" class=\"wp-image-4480\" width=\"784\" height=\"500\" loading=\"lazy\" alt=\"\" srcset=\"https:\/\/dx.trade\/app\/uploads\/2023\/11\/order-types.png 1568w, https:\/\/dx.trade\/app\/uploads\/2023\/11\/order-types-300x191.png 300w, https:\/\/dx.trade\/app\/uploads\/2023\/11\/order-types-1024x653.png 1024w, https:\/\/dx.trade\/app\/uploads\/2023\/11\/order-types-768x490.png 768w, https:\/\/dx.trade\/app\/uploads\/2023\/11\/order-types-1536x980.png 1536w, https:\/\/dx.trade\/app\/uploads\/2023\/11\/order-types-130x83.png 130w, https:\/\/dx.trade\/app\/uploads\/2023\/11\/order-types-150x96.png 150w, https:\/\/dx.trade\/app\/uploads\/2023\/11\/order-types-180x115.png 180w, https:\/\/dx.trade\/app\/uploads\/2023\/11\/order-types-380x242.png 380w, https:\/\/dx.trade\/app\/uploads\/2023\/11\/order-types-420x268.png 420w, https:\/\/dx.trade\/app\/uploads\/2023\/11\/order-types-460x293.png 460w, https:\/\/dx.trade\/app\/uploads\/2023\/11\/order-types-468x298.png 468w, https:\/\/dx.trade\/app\/uploads\/2023\/11\/order-types-480x306.png 480w, https:\/\/dx.trade\/app\/uploads\/2023\/11\/order-types-500x319.png 500w, https:\/\/dx.trade\/app\/uploads\/2023\/11\/order-types-580x370.png 580w, https:\/\/dx.trade\/app\/uploads\/2023\/11\/order-types-780x497.png 780w, https:\/\/dx.trade\/app\/uploads\/2023\/11\/order-types-1020x651.png 1020w, https:\/\/dx.trade\/app\/uploads\/2023\/11\/order-types-1300x829.png 1300w, https:\/\/dx.trade\/app\/uploads\/2023\/11\/order-types-1366x871.png 1366w, https:\/\/dx.trade\/app\/uploads\/2023\/11\/order-types-668x426.png 668w, https:\/\/dx.trade\/app\/uploads\/2023\/11\/order-types-1336x852.png 1336w, https:\/\/dx.trade\/app\/uploads\/2023\/11\/order-types-452x288.png 452w, https:\/\/dx.trade\/app\/uploads\/2023\/11\/order-types-691x441.png 691w, https:\/\/dx.trade\/app\/uploads\/2023\/11\/order-types-1052x671.png 1052w, https:\/\/dx.trade\/app\/uploads\/2023\/11\/order-types-107x68.png 107w, https:\/\/dx.trade\/app\/uploads\/2023\/11\/order-types-121x77.png 121w, https:\/\/dx.trade\/app\/uploads\/2023\/11\/order-types-411x262.png 411w, https:\/\/dx.trade\/app\/uploads\/2023\/11\/order-types-133x85.png 133w, https:\/\/dx.trade\/app\/uploads\/2023\/11\/order-types-320x204.png 320w, https:\/\/dx.trade\/app\/uploads\/2023\/11\/order-types-512x327.png 512w, https:\/\/dx.trade\/app\/uploads\/2023\/11\/order-types-160x102.png 160w\" sizes=\"auto, (max-width: 784px) 100vw, 784px\" \/><\/a><\/figure><\/div><div class=\"zebraBlockColumn columnContent\">\n<h3 class=\"wp-block-heading\" id=\"h-tipos-de-ordenes\">Tipos de \u00f3rdenes<\/h3>\n\n\n\n<p>Una variedad de tipos de \u00f3rdenes disponibles en las aplicaciones incluye mercado, stop, l\u00edmites, y \u00f3rdenes OCO, con la opci\u00f3n de agregar un Stop Loss o Take Profit a cualquier posici\u00f3n u orden pendiente.<\/p>\n<\/div><\/div>\n\n\n\n<div class=\"wp-block-dxtrade-zebra mediaPosition-left verticalAlignment-center\"><div class=\"zebraBlockColumn columnImage\"><figure class=\"zebraBlockFigure\"><a href=\"https:\/\/dx.trade\/app\/uploads\/2023\/11\/powerful-charting.png\"><img decoding=\"async\" src=\"https:\/\/dx.trade\/app\/uploads\/2023\/11\/powerful-charting.png\" class=\"wp-image-4481\" width=\"784\" height=\"500\" loading=\"lazy\" alt=\"\" srcset=\"https:\/\/dx.trade\/app\/uploads\/2023\/11\/powerful-charting.png 1568w, https:\/\/dx.trade\/app\/uploads\/2023\/11\/powerful-charting-300x191.png 300w, https:\/\/dx.trade\/app\/uploads\/2023\/11\/powerful-charting-1024x653.png 1024w, https:\/\/dx.trade\/app\/uploads\/2023\/11\/powerful-charting-768x490.png 768w, https:\/\/dx.trade\/app\/uploads\/2023\/11\/powerful-charting-1536x980.png 1536w, https:\/\/dx.trade\/app\/uploads\/2023\/11\/powerful-charting-130x83.png 130w, https:\/\/dx.trade\/app\/uploads\/2023\/11\/powerful-charting-150x96.png 150w, https:\/\/dx.trade\/app\/uploads\/2023\/11\/powerful-charting-180x115.png 180w, https:\/\/dx.trade\/app\/uploads\/2023\/11\/powerful-charting-380x242.png 380w, https:\/\/dx.trade\/app\/uploads\/2023\/11\/powerful-charting-420x268.png 420w, https:\/\/dx.trade\/app\/uploads\/2023\/11\/powerful-charting-460x293.png 460w, https:\/\/dx.trade\/app\/uploads\/2023\/11\/powerful-charting-468x298.png 468w, https:\/\/dx.trade\/app\/uploads\/2023\/11\/powerful-charting-480x306.png 480w, https:\/\/dx.trade\/app\/uploads\/2023\/11\/powerful-charting-500x319.png 500w, https:\/\/dx.trade\/app\/uploads\/2023\/11\/powerful-charting-580x370.png 580w, https:\/\/dx.trade\/app\/uploads\/2023\/11\/powerful-charting-780x497.png 780w, https:\/\/dx.trade\/app\/uploads\/2023\/11\/powerful-charting-1020x651.png 1020w, https:\/\/dx.trade\/app\/uploads\/2023\/11\/powerful-charting-1300x829.png 1300w, https:\/\/dx.trade\/app\/uploads\/2023\/11\/powerful-charting-1366x871.png 1366w, https:\/\/dx.trade\/app\/uploads\/2023\/11\/powerful-charting-668x426.png 668w, https:\/\/dx.trade\/app\/uploads\/2023\/11\/powerful-charting-1336x852.png 1336w, https:\/\/dx.trade\/app\/uploads\/2023\/11\/powerful-charting-452x288.png 452w, https:\/\/dx.trade\/app\/uploads\/2023\/11\/powerful-charting-691x441.png 691w, https:\/\/dx.trade\/app\/uploads\/2023\/11\/powerful-charting-1052x671.png 1052w, https:\/\/dx.trade\/app\/uploads\/2023\/11\/powerful-charting-107x68.png 107w, https:\/\/dx.trade\/app\/uploads\/2023\/11\/powerful-charting-121x77.png 121w, https:\/\/dx.trade\/app\/uploads\/2023\/11\/powerful-charting-411x262.png 411w, https:\/\/dx.trade\/app\/uploads\/2023\/11\/powerful-charting-133x85.png 133w, https:\/\/dx.trade\/app\/uploads\/2023\/11\/powerful-charting-320x204.png 320w, https:\/\/dx.trade\/app\/uploads\/2023\/11\/powerful-charting-512x327.png 512w, https:\/\/dx.trade\/app\/uploads\/2023\/11\/powerful-charting-160x102.png 160w\" sizes=\"auto, (max-width: 784px) 100vw, 784px\" \/><\/a><\/figure><\/div><div class=\"zebraBlockColumn columnContent\">\n<h3 class=\"wp-block-heading\" id=\"h-potente-herramienta-de-graficos\">Potente herramienta de gr\u00e1ficos.<\/h3>\n\n\n\n<p>Hemos optimizado gr\u00e1ficos para dispositivos m\u00f3viles, para que tus clientes siempre puedan estar al d\u00eda con el mercado. DXtrade M\u00f3vil ofrece una experiencia de usuario interactiva, m\u00e1s de 60 indicadores, y una variedad de tipos de gr\u00e1ficos.<\/p>\n<\/div><\/div>\n\n\n\n<div class=\"wp-block-dxtrade-zebra mediaPosition-right verticalAlignment-center\"><div class=\"zebraBlockColumn columnImage\"><figure class=\"zebraBlockFigure\"><a href=\"https:\/\/dx.trade\/app\/uploads\/2023\/12\/watchlists-1.png\"><img decoding=\"async\" src=\"https:\/\/dx.trade\/app\/uploads\/2023\/12\/watchlists-1.png\" class=\"wp-image-4663\" width=\"784\" height=\"500\" loading=\"lazy\" alt=\"\" srcset=\"https:\/\/dx.trade\/app\/uploads\/2023\/12\/watchlists-1.png 1568w, https:\/\/dx.trade\/app\/uploads\/2023\/12\/watchlists-1-300x191.png 300w, https:\/\/dx.trade\/app\/uploads\/2023\/12\/watchlists-1-1024x653.png 1024w, https:\/\/dx.trade\/app\/uploads\/2023\/12\/watchlists-1-768x490.png 768w, https:\/\/dx.trade\/app\/uploads\/2023\/12\/watchlists-1-1536x980.png 1536w, https:\/\/dx.trade\/app\/uploads\/2023\/12\/watchlists-1-130x83.png 130w, https:\/\/dx.trade\/app\/uploads\/2023\/12\/watchlists-1-150x96.png 150w, https:\/\/dx.trade\/app\/uploads\/2023\/12\/watchlists-1-180x115.png 180w, https:\/\/dx.trade\/app\/uploads\/2023\/12\/watchlists-1-380x242.png 380w, https:\/\/dx.trade\/app\/uploads\/2023\/12\/watchlists-1-420x268.png 420w, https:\/\/dx.trade\/app\/uploads\/2023\/12\/watchlists-1-460x293.png 460w, https:\/\/dx.trade\/app\/uploads\/2023\/12\/watchlists-1-468x298.png 468w, https:\/\/dx.trade\/app\/uploads\/2023\/12\/watchlists-1-480x306.png 480w, https:\/\/dx.trade\/app\/uploads\/2023\/12\/watchlists-1-500x319.png 500w, https:\/\/dx.trade\/app\/uploads\/2023\/12\/watchlists-1-580x370.png 580w, https:\/\/dx.trade\/app\/uploads\/2023\/12\/watchlists-1-780x497.png 780w, https:\/\/dx.trade\/app\/uploads\/2023\/12\/watchlists-1-1020x651.png 1020w, https:\/\/dx.trade\/app\/uploads\/2023\/12\/watchlists-1-1300x829.png 1300w, https:\/\/dx.trade\/app\/uploads\/2023\/12\/watchlists-1-1366x871.png 1366w, https:\/\/dx.trade\/app\/uploads\/2023\/12\/watchlists-1-668x426.png 668w, https:\/\/dx.trade\/app\/uploads\/2023\/12\/watchlists-1-1336x852.png 1336w, https:\/\/dx.trade\/app\/uploads\/2023\/12\/watchlists-1-452x288.png 452w, https:\/\/dx.trade\/app\/uploads\/2023\/12\/watchlists-1-691x441.png 691w, https:\/\/dx.trade\/app\/uploads\/2023\/12\/watchlists-1-1052x671.png 1052w, https:\/\/dx.trade\/app\/uploads\/2023\/12\/watchlists-1-107x68.png 107w, https:\/\/dx.trade\/app\/uploads\/2023\/12\/watchlists-1-121x77.png 121w, https:\/\/dx.trade\/app\/uploads\/2023\/12\/watchlists-1-411x262.png 411w, https:\/\/dx.trade\/app\/uploads\/2023\/12\/watchlists-1-133x85.png 133w, https:\/\/dx.trade\/app\/uploads\/2023\/12\/watchlists-1-320x204.png 320w, https:\/\/dx.trade\/app\/uploads\/2023\/12\/watchlists-1-512x327.png 512w, https:\/\/dx.trade\/app\/uploads\/2023\/12\/watchlists-1-160x102.png 160w\" sizes=\"auto, (max-width: 784px) 100vw, 784px\" \/><\/a><\/figure><\/div><div class=\"zebraBlockColumn columnContent\">\n<h3 class=\"wp-block-heading\" id=\"h-listas-de-seguimiento\">Listas de Seguimiento<\/h3>\n\n\n\n<p>Tus clientes pueden crear listas de seguimiento personalizadas y usar opciones de b\u00fasqueda para encontrar r\u00e1pidamente cualquier instrumento disponible para trading.<\/p>\n<\/div><\/div>\n<\/div>\n<\/div>\n\n\n\n<div class=\"wp-block-group topGlowMobile is-layout-constrained wp-block-group-is-layout-constrained\">\n<div class=\"wp-block-columns is-layout-flex wp-container-core-columns-is-layout-827cdfe9 wp-block-columns-is-layout-flex\" style=\"padding-top:var(--wp--preset--spacing--60-px);padding-bottom:var(--wp--preset--spacing--80-px)\">\n<div class=\"wp-block-column is-layout-flow wp-block-column-is-layout-flow\">\n<div class=\"wp-block-dxtrade-dxtrade-icons-group typeSeparator\">\n<div class=\"wp-block-group is-layout-flex wp-container-core-group-is-layout-87ee99ac wp-block-group-is-layout-flex\">\n<div class=\"wp-block-dxtrade-dxtrade-icon-block iconAlign-left\"><img decoding=\"async\" src=\"https:\/\/dx.trade\/app\/uploads\/2023\/09\/security.svg\" class=\"iconBlockIcon\" alt=\"\"\/><div class=\"iconBlockContent\">\n<h4 class=\"wp-block-heading\" id=\"h-mayor-seguridad\">Mayor seguridad<\/h4>\n\n\n\n<p>No m\u00e1s inicios de sesi\u00f3n no autorizados con las opciones mejoradas de inicio de sesi\u00f3n m\u00f3vil de DXtrade. Tus clientes pueden elegir entre la autenticaci\u00f3n biom\u00e9trica y una contrase\u00f1a personalizada para proteger sus cuentas de trading.<\/p>\n<\/div><\/div>\n\n\n\n<div class=\"wp-block-dxtrade-dxtrade-icon-block iconAlign-left\"><img decoding=\"async\" src=\"https:\/\/dx.trade\/app\/uploads\/2023\/09\/stability.svg\" class=\"iconBlockIcon\" alt=\"\"\/><div class=\"iconBlockContent\">\n<h4 class=\"wp-block-heading\" id=\"h-alto-rendimiento-y-estabilidad\">Alto rendimiento y estabilidad<\/h4>\n\n\n\n<p>Hemos maximizado el rendimiento y estabilidad de DXtrade M\u00f3vil durante el intercambio de datos de ancho de banda bajo. Nuestro protocolo cambia entre redes m\u00f3viles sin retrasar la entrega de datos del mercado. Esto significa que no hay retrasos en el tr\u00e1fico de la plataforma ni en su rendimiento.<\/p>\n<\/div><\/div>\n\n\n\n<div class=\"wp-block-dxtrade-dxtrade-icon-block iconAlign-left\"><img decoding=\"async\" src=\"https:\/\/dx.trade\/app\/uploads\/2023\/09\/pie-chart-three.svg\" class=\"iconBlockIcon\" alt=\"\"\/><div class=\"iconBlockContent\">\n<h4 class=\"wp-block-heading\" id=\"h-estados-de-cuenta\">Estados de cuenta<\/h4>\n\n\n\n<p>Correr estados de cuenta directamente desde dentro de la aplicaci\u00f3n permite a tus clientes a estar al tanto de su historial de cuentas y transacciones.<\/p>\n<\/div><\/div>\n<\/div>\n<\/div>\n<\/div>\n<\/div>\n<\/div>\n\n\n\n<div class=\"wp-block-dxtrade-cta-banner\"><div class=\"ctaBlockContent\"><h2 class=\"ctaBlockTitle\"><span class=\"ctaBlockTitleStaticText\">\u00bfInteresado en<\/span><span class=\"ctaBlockTitleAnimationWrapper\"><span class=\"ctaBlockTitleColored\">DXtrade\u00a0<span class=\"ctaBlockTitleType \">CFD Mobile<\/span><\/span>?<\/span><\/h2><p class=\"ctaBlockText\">\u00a1Pru\u00e9balo ahora mismo!<\/p><a href=\"https:\/\/dx.trade\/request-a-demo\/?platform=cfd\" class=\"ctaBlockButton button\">Acceder a DXtrade<\/a><\/div><\/div>\n","protected":false},"excerpt":{"rendered":"<p>DXtrade CFD M\u00f3vil Proporciona a los clientes su propia aplicaci\u00f3n de trading para iOSy Android<\/p>\n","protected":false},"author":1,"featured_media":5339,"parent":7061,"menu_order":0,"comment_status":"closed","ping_status":"closed","template":"trading-platforms.blade.php","meta":{"_acf_changed":false,"footnotes":""},"class_list":["post-6692","page","type-page","status-publish","has-post-thumbnail","hentry"],"acf":[],"_links":{"self":[{"href":"https:\/\/dx.trade\/es\/wp-json\/wp\/v2\/pages\/6692","targetHints":{"allow":["GET"]}}],"collection":[{"href":"https:\/\/dx.trade\/es\/wp-json\/wp\/v2\/pages"}],"about":[{"href":"https:\/\/dx.trade\/es\/wp-json\/wp\/v2\/types\/page"}],"author":[{"embeddable":true,"href":"https:\/\/dx.trade\/es\/wp-json\/wp\/v2\/users\/1"}],"replies":[{"embeddable":true,"href":"https:\/\/dx.trade\/es\/wp-json\/wp\/v2\/comments?post=6692"}],"version-history":[{"count":9,"href":"https:\/\/dx.trade\/es\/wp-json\/wp\/v2\/pages\/6692\/revisions"}],"predecessor-version":[{"id":7180,"href":"https:\/\/dx.trade\/es\/wp-json\/wp\/v2\/pages\/6692\/revisions\/7180"}],"up":[{"embeddable":true,"href":"https:\/\/dx.trade\/es\/wp-json\/wp\/v2\/pages\/7061"}],"wp:featuredmedia":[{"embeddable":true,"href":"https:\/\/dx.trade\/es\/wp-json\/wp\/v2\/media\/5339"}],"wp:attachment":[{"href":"https:\/\/dx.trade\/es\/wp-json\/wp\/v2\/media?parent=6692"}],"curies":[{"name":"wp","href":"https:\/\/api.w.org\/{rel}","templated":true}]}}