{"id":6683,"date":"2023-09-19T10:31:01","date_gmt":"2023-09-19T10:31:01","guid":{"rendered":"https:\/\/dx.trade\/cobertura-de-instrumentos-cfd-de-dxtrade\/"},"modified":"2024-04-05T09:07:22","modified_gmt":"2024-04-05T09:07:22","slug":"cobertura-de-instrumentos-cfd-de-dxtrade","status":"publish","type":"page","link":"https:\/\/dx.trade\/es\/dxtrade-cfd\/cobertura-de-instrumentos-cfd-de-dxtrade\/","title":{"rendered":"Cobertura de Instrumentos CFD de DXtrade"},"content":{"rendered":"\n<div class=\"wp-block-group topGlow topGlowMobile is-layout-constrained wp-block-group-is-layout-constrained\">\n<div class=\"wp-block-columns is-layout-flex wp-container-core-columns-is-layout-611c8885 wp-block-columns-is-layout-flex\" style=\"padding-top:var(--wp--preset--spacing--40-px);padding-bottom:var(--wp--preset--spacing--40-px)\">\n<div class=\"wp-block-column is-layout-flow wp-block-column-is-layout-flow\">\n<h1 class=\"wp-block-heading has-text-align-center\" id=\"h-cobertura-de-instrumentos\">Cobertura de Instrumentos<\/h1>\n\n\n\n<p class=\"has-text-align-center subtitle\">Obtenga ganancias diversificando su oferta y proporcionando apalancamiento a los clientes. Con<br>m\u00faltiples mercados a disposici\u00f3n, tambi\u00e9n puedes cubrir las posiciones de los clientes con mayor eficiencia.<\/p>\n<\/div>\n<\/div>\n\n\n\n<div class=\"wp-block-columns is-layout-flex wp-container-core-columns-is-layout-6e093944 wp-block-columns-is-layout-flex\" style=\"padding-top:var(--wp--preset--spacing--60-px);padding-bottom:var(--wp--preset--spacing--60-px)\">\n<div class=\"wp-block-column is-layout-flow wp-block-column-is-layout-flow\">\n<h2 class=\"wp-block-heading has-text-align-center\" id=\"h-dxtrade-cfd-permite-a-los-brokers-ofrecer\"><span class=\"gradientText\">DXtrade CFD<\/span> permite a los brokers ofrecer<\/h2>\n\n\n\n<div class=\"wp-block-group is-content-justification-center is-layout-flex wp-container-core-group-is-layout-64b26803 wp-block-group-is-layout-flex\">\n<div class=\"wp-block-dxtrade-dxtrade-title-list\">\n<h4 class=\"wp-block-heading\" id=\"h-fx\">FX<\/h4>\n\n\n\n<ul class=\"wp-block-list\">\n<li>Accede a un mercado de gran volumen para generar m\u00e1s ingresos<\/li>\n\n\n\n<li>Proporciona apalancamiento para aumentar tu rentabilidad<\/li>\n\n\n\n<li>Disponible 24\/7<\/li>\n<\/ul>\n<\/div>\n\n\n\n<div class=\"wp-block-dxtrade-dxtrade-title-list\">\n<h4 class=\"wp-block-heading\" id=\"h-cripto\">Cripto<\/h4>\n\n\n\n<ul class=\"wp-block-list\">\n<li>Atrae a otro tipo de clientela con una variedad de criptomonedas<\/li>\n\n\n\n<li>Ofrece trading al contado y con margen<\/li>\n\n\n\n<li>Disponible 24\/7<\/li>\n<\/ul>\n<\/div>\n\n\n\n<div class=\"wp-block-dxtrade-dxtrade-title-list\">\n<h4 class=\"wp-block-heading\" id=\"h-cfds\">CFDs<\/h4>\n\n\n\n<ul class=\"wp-block-list\">\n<li>Ofrecer oportunidades de trading a clientes en todo el mundo<\/li>\n\n\n\n<li>CFDs sobre acciones, materias primas, divisas e \u00edndices<\/li>\n\n\n\n<li>Horario de trading configurable<\/li>\n<\/ul>\n<\/div>\n\n\n\n<div class=\"wp-block-dxtrade-dxtrade-title-list\">\n<h4 class=\"wp-block-heading\" id=\"h-apuestas-a-margenes\">Apuestas a m\u00e1rgenes<\/h4>\n\n\n\n<ul class=\"wp-block-list\">\n<li>Libre de impuestos en el Reino Unido<\/li>\n\n\n\n<li>Apuestas a m\u00e1rgenes en acciones, divisas, materias primas, \u00edndices, opciones, futuros, tasas, ETF y criptomonedas.<\/li>\n<\/ul>\n<\/div>\n<\/div>\n<\/div>\n<\/div>\n\n\n\n<div class=\"wp-block-columns is-layout-flex wp-container-core-columns-is-layout-7566886a wp-block-columns-is-layout-flex\" style=\"padding-top:var(--wp--preset--spacing--80-px);padding-bottom:var(--wp--preset--spacing--80-px)\">\n<div class=\"wp-block-column is-layout-flow wp-block-column-is-layout-flow\">\n<h2 class=\"wp-block-heading has-text-align-center\" id=\"h-crea-tu-oferta-optima\">Crea tu oferta \u00f3ptima<\/h2>\n\n\n\n<figure class=\"wp-block-dxtrade-dxtrade-video\"><video width=\"1328\" height=\"271\" autoplay loop muted playsinline><source src=\"https:\/\/dx.trade\/app\/uploads\/2023\/11\/cfd-asset-classes-animation-Safari.mov\" type=\"video\/quicktime\"\/><source src=\"https:\/\/dx.trade\/app\/uploads\/2023\/11\/cfd-asset-classes-animation_VP9.webm\" type=\"video\/webm\"\/><\/video><\/figure>\n<\/div>\n<\/div>\n<\/div>\n\n\n\n<div class=\"wp-block-dxtrade-cta-banner\"><div class=\"ctaBlockContent\"><h2 class=\"ctaBlockTitle\"><span class=\"ctaBlockTitleStaticText\">\u00bfInteresado en<\/span><span class=\"ctaBlockTitleAnimationWrapper\"><span class=\"ctaBlockTitleColored\">DXtrade\u00a0<span class=\"ctaBlockTitleType \">CFD<\/span><\/span>?<\/span><\/h2><p class=\"ctaBlockText\">\u00a1Pru\u00e9balo ahora mismo!<\/p><a href=\"https:\/\/dx.trade\/request-a-demo\/?platform=cfd\" class=\"ctaBlockButton button\">Acceder a DXtrade<\/a><\/div><\/div>\n","protected":false},"excerpt":{"rendered":"<p>Cobertura de Instrumentos Obtenga ganancias diversificando su oferta y proporcionando apalancamiento a los clientes. Conm\u00faltiples mercados a disposici\u00f3n, tambi\u00e9n puedes&#8230;<\/p>\n","protected":false},"author":9,"featured_media":0,"parent":7061,"menu_order":0,"comment_status":"closed","ping_status":"closed","template":"trading-platforms.blade.php","meta":{"_acf_changed":false,"footnotes":""},"class_list":["post-6683","page","type-page","status-publish","hentry"],"acf":[],"_links":{"self":[{"href":"https:\/\/dx.trade\/es\/wp-json\/wp\/v2\/pages\/6683","targetHints":{"allow":["GET"]}}],"collection":[{"href":"https:\/\/dx.trade\/es\/wp-json\/wp\/v2\/pages"}],"about":[{"href":"https:\/\/dx.trade\/es\/wp-json\/wp\/v2\/types\/page"}],"author":[{"embeddable":true,"href":"https:\/\/dx.trade\/es\/wp-json\/wp\/v2\/users\/9"}],"replies":[{"embeddable":true,"href":"https:\/\/dx.trade\/es\/wp-json\/wp\/v2\/comments?post=6683"}],"version-history":[{"count":9,"href":"https:\/\/dx.trade\/es\/wp-json\/wp\/v2\/pages\/6683\/revisions"}],"predecessor-version":[{"id":7181,"href":"https:\/\/dx.trade\/es\/wp-json\/wp\/v2\/pages\/6683\/revisions\/7181"}],"up":[{"embeddable":true,"href":"https:\/\/dx.trade\/es\/wp-json\/wp\/v2\/pages\/7061"}],"wp:attachment":[{"href":"https:\/\/dx.trade\/es\/wp-json\/wp\/v2\/media?parent=6683"}],"curies":[{"name":"wp","href":"https:\/\/api.w.org\/{rel}","templated":true}]}}