{"id":6682,"date":"2022-07-20T11:13:00","date_gmt":"2022-07-20T11:13:00","guid":{"rendered":"https:\/\/dx.trade\/sistema-de-gestion-de-ordenes\/"},"modified":"2024-04-05T09:04:10","modified_gmt":"2024-04-05T09:04:10","slug":"sistema-de-gestion-de-ordenes","status":"publish","type":"page","link":"https:\/\/dx.trade\/es\/dxtrade-xt\/sistema-de-gestion-de-ordenes\/","title":{"rendered":"Sistema de gesti\u00f3n de \u00f3rdenes"},"content":{"rendered":"\n<div class=\"wp-block-group topGlow topGlowMobile is-layout-constrained wp-block-group-is-layout-constrained\" style=\"padding-top:var(--wp--preset--spacing--40-px)\">\n<div class=\"wp-block-columns is-layout-flex wp-container-core-columns-is-layout-297b9431 wp-block-columns-is-layout-flex\" style=\"padding-bottom:var(--wp--preset--spacing--60-px)\">\n<div class=\"wp-block-column is-layout-flow wp-block-column-is-layout-flow\">\n<h1 class=\"wp-block-heading has-text-align-center\" id=\"h-dxtrade-oms\">DXtrade <span class=\"gradientText\">OMS<\/span><\/h1>\n\n\n\n<p class=\"has-text-align-center subtitle\">Gesti\u00f3n en tiempo real de \u00f3rdenes, posiciones y saldos de cuentas<\/p>\n<\/div>\n<\/div>\n\n\n\n<div class=\"wp-block-columns is-layout-flex wp-container-core-columns-is-layout-9d6595d7 wp-block-columns-is-layout-flex\">\n<div class=\"wp-block-column is-layout-flow wp-block-column-is-layout-flow\">\n<figure class=\"wp-block-image aligncenter size-full is-resized\"><a href=\"https:\/\/dx.trade\/app\/uploads\/2023\/09\/xt-oms.png\"><img loading=\"lazy\" decoding=\"async\" width=\"1434\" height=\"536\" src=\"https:\/\/dx.trade\/app\/uploads\/2023\/09\/xt-oms.png\" alt=\"\" class=\"wp-image-2972\" style=\"width:717px\" srcset=\"https:\/\/dx.trade\/app\/uploads\/2023\/09\/xt-oms.png 1434w, https:\/\/dx.trade\/app\/uploads\/2023\/09\/xt-oms-1192x446.png 1192w, https:\/\/dx.trade\/app\/uploads\/2023\/09\/xt-oms-512x191.png 512w, https:\/\/dx.trade\/app\/uploads\/2023\/09\/xt-oms-564x211.png 564w, https:\/\/dx.trade\/app\/uploads\/2023\/09\/xt-oms-160x60.png 160w, https:\/\/dx.trade\/app\/uploads\/2023\/09\/xt-oms-200x75.png 200w, https:\/\/dx.trade\/app\/uploads\/2023\/09\/xt-oms-320x120.png 320w, https:\/\/dx.trade\/app\/uploads\/2023\/09\/xt-oms-300x112.png 300w, https:\/\/dx.trade\/app\/uploads\/2023\/09\/xt-oms-768x287.png 768w, https:\/\/dx.trade\/app\/uploads\/2023\/09\/xt-oms-1024x383.png 1024w, https:\/\/dx.trade\/app\/uploads\/2023\/09\/xt-oms-130x49.png 130w, https:\/\/dx.trade\/app\/uploads\/2023\/09\/xt-oms-150x56.png 150w, https:\/\/dx.trade\/app\/uploads\/2023\/09\/xt-oms-180x67.png 180w, https:\/\/dx.trade\/app\/uploads\/2023\/09\/xt-oms-380x142.png 380w, https:\/\/dx.trade\/app\/uploads\/2023\/09\/xt-oms-420x157.png 420w, https:\/\/dx.trade\/app\/uploads\/2023\/09\/xt-oms-460x172.png 460w, https:\/\/dx.trade\/app\/uploads\/2023\/09\/xt-oms-468x175.png 468w, https:\/\/dx.trade\/app\/uploads\/2023\/09\/xt-oms-480x179.png 480w, https:\/\/dx.trade\/app\/uploads\/2023\/09\/xt-oms-500x187.png 500w, https:\/\/dx.trade\/app\/uploads\/2023\/09\/xt-oms-580x217.png 580w, https:\/\/dx.trade\/app\/uploads\/2023\/09\/xt-oms-780x292.png 780w, https:\/\/dx.trade\/app\/uploads\/2023\/09\/xt-oms-1020x381.png 1020w, https:\/\/dx.trade\/app\/uploads\/2023\/09\/xt-oms-1300x486.png 1300w, https:\/\/dx.trade\/app\/uploads\/2023\/09\/xt-oms-1366x511.png 1366w, https:\/\/dx.trade\/app\/uploads\/2023\/09\/xt-oms-668x250.png 668w, https:\/\/dx.trade\/app\/uploads\/2023\/09\/xt-oms-1336x499.png 1336w, https:\/\/dx.trade\/app\/uploads\/2023\/09\/xt-oms-784x293.png 784w\" sizes=\"auto, (max-width: 1434px) 100vw, 1434px\" \/><\/a><\/figure>\n<\/div>\n<\/div>\n<\/div>\n\n\n\n<div class=\"wp-block-columns is-layout-flex wp-container-core-columns-is-layout-33af7067 wp-block-columns-is-layout-flex\" style=\"padding-top:var(--wp--preset--spacing--80-px);padding-bottom:var(--wp--preset--spacing--40-px)\">\n<div class=\"wp-block-column is-layout-flow wp-block-column-is-layout-flow\">\n<h2 class=\"wp-block-heading has-text-align-center\" id=\"h-gestion-de-cantidades-fraccionadas-y-nocionales\">Gesti\u00f3n de cantidades fraccionadas y nocionales<\/h2>\n\n\n\n<p class=\"has-text-align-center subtitle\">Nuestro OMS fraccionado le permite gestionar su propio inventario fraccionado o direcci\u00f3n fraccionada<br>y \u00f3rdenes nocionales a un destino de ejecuci\u00f3n compatible en una variedad de configuraciones<\/p>\n<\/div>\n<\/div>\n\n\n\n<div class=\"wp-block-columns is-layout-flex wp-container-core-columns-is-layout-9d6595d7 wp-block-columns-is-layout-flex\">\n<div class=\"wp-block-column is-layout-flow wp-block-column-is-layout-flow\">\n<div class=\"wp-block-dxtrade-dxtrade-icons-group typeGradient\">\n<div class=\"wp-block-group is-content-justification-center is-layout-flex wp-container-core-group-is-layout-f5b5290f wp-block-group-is-layout-flex\">\n<div class=\"wp-block-dxtrade-dxtrade-icon-block iconAlign-center\"><img decoding=\"async\" src=\"https:\/\/dx.trade\/app\/uploads\/2023\/09\/ring-pair.svg\" class=\"iconBlockIcon\" alt=\"\"\/><div class=\"iconBlockContent\">\n<h4 class=\"wp-block-heading has-text-align-center\" id=\"h-dirigidas-segun-se-reciben\">Dirigidas seg\u00fan se reciben<\/h4>\n\n\n\n<p>Para ejecutar destinos que admiten cantidades fraccionadas y nocionales, el OMS dirige las \u00f3rdenes tal como se reciben del origen y luego refleja todas las ejecuciones y posiciones en cantidades fraccionadas.<\/p>\n<\/div><\/div>\n\n\n\n<div class=\"wp-block-dxtrade-dxtrade-icon-block iconAlign-center\"><img decoding=\"async\" src=\"https:\/\/dx.trade\/app\/uploads\/2023\/09\/build-in.svg\" class=\"iconBlockIcon\" alt=\"\"\/><div class=\"iconBlockContent\">\n<h4 class=\"wp-block-heading has-text-align-center\" id=\"h-algoritmo-de-redondeo-fraccionado\">Algoritmo de redondeo fraccionado<\/h4>\n\n\n\n<p>Si desea gestionar su propio trading fraccionado o no puede dirigirlo seg\u00fan lo recibido en determinados incrementos, el algoritmo de redondeo fraccionado le proporciona la capacidad de tomar \u00f3rdenes en cantidades fraccionadas y nocionales y dirigirlas a la calle en acciones enteras.<\/p>\n<\/div><\/div>\n\n\n\n<div class=\"wp-block-dxtrade-dxtrade-icon-block iconAlign-center\"><img decoding=\"async\" src=\"https:\/\/dx.trade\/app\/uploads\/2023\/09\/pie-chart-three.svg\" class=\"iconBlockIcon\" alt=\"\"\/><div class=\"iconBlockContent\">\n<h4 class=\"wp-block-heading has-text-align-center\" id=\"h-ordenes-en-bloques-preasignadas\">\u00d3rdenes en bloques preasignadas<\/h4>\n\n\n\n<p>DXtrade XT admite \u00f3rdenes en bloque preasignadas con asignaciones en cantidades fraccionadas y enteras , y cantidades nocionales. Las asignaciones se ponen en cola en la OMS mientras la orden en bloque es dirigida al mercado. Una vez recibida la ejecuci\u00f3n de la orden en bloque, se inician las asignaciones post-negociaci\u00f3n en la OMS, distribuyendo los valores a las cuentas subyacentes.<\/p>\n<\/div><\/div>\n<\/div>\n<\/div>\n<\/div>\n<\/div>\n\n\n\n<div class=\"wp-block-columns is-layout-flex wp-container-core-columns-is-layout-7d3b5c92 wp-block-columns-is-layout-flex\" style=\"padding-top:var(--wp--preset--spacing--60-px);padding-bottom:var(--wp--preset--spacing--60-px)\">\n<div class=\"wp-block-column is-layout-flow wp-block-column-is-layout-flow\">\n<figure class=\"wp-block-dxtrade-dxtrade-video\"><video width=\"731\" height=\"460\" autoplay loop muted playsinline><source src=\"https:\/\/dx.trade\/app\/uploads\/2023\/12\/Assets_Classes-animation_11-1.mov\" type=\"video\/quicktime\"\/><source src=\"https:\/\/dx.trade\/app\/uploads\/2023\/12\/Assets_Classes-animation_11_VP9.webm\" type=\"video\/webm\"\/><\/video><\/figure>\n<\/div>\n<\/div>\n\n\n\n<div class=\"wp-block-columns is-layout-flex wp-container-core-columns-is-layout-a769c16b wp-block-columns-is-layout-flex\" style=\"padding-bottom:var(--wp--preset--spacing--80-px)\">\n<div class=\"wp-block-column is-layout-flow wp-block-column-is-layout-flow\">\n<h2 class=\"wp-block-heading has-text-align-center\" id=\"h-apoyo-a-las-cuentas-de-margenes-y-de-efectivo\" style=\"margin-bottom:var(--wp--preset--spacing--40-px)\">Apoyo a las cuentas de m\u00e1rgenes y de efectivo<\/h2>\n\n\n\n<div class=\"wp-block-dxtrade-dxtrade-icons-group typeSeparator\">\n<div class=\"wp-block-group is-layout-flex wp-container-core-group-is-layout-87ee99ac wp-block-group-is-layout-flex\">\n<div class=\"wp-block-dxtrade-dxtrade-icon-block iconAlign-left\"><img decoding=\"async\" src=\"https:\/\/dx.trade\/app\/uploads\/2023\/09\/dollar.svg\" class=\"iconBlockIcon\" alt=\"\"\/><div class=\"iconBlockContent\">\n<h4 class=\"wp-block-heading\" id=\"h-cuentas-de-efectivo\">Cuentas de efectivo<\/h4>\n\n\n\n<p>DXtrade XT admite el trading en cuenta de efectivo de Acciones, ETPs, Opciones y Fondos Mutuos utilizando fondos disponibles con prevenci\u00f3n de violaci\u00f3n de Reg-T.<\/p>\n<\/div><\/div>\n\n\n\n<div class=\"wp-block-dxtrade-dxtrade-icon-block iconAlign-left\"><img decoding=\"async\" src=\"https:\/\/dx.trade\/app\/uploads\/2023\/09\/account.svg\" class=\"iconBlockIcon\" alt=\"\"\/><div class=\"iconBlockContent\">\n<h4 class=\"wp-block-heading\" id=\"h-cuentas-de-margen\">Cuentas de margen<\/h4>\n\n\n\n<p>Las cuentas de margen para trading apalancado son compatibles con las configuraciones Reg-T y de perfil personalizado en todas las clases de activos compatibles, incluidos los ajustes de margen a nivel de instrumento.<\/p>\n<\/div><\/div>\n\n\n\n<div class=\"wp-block-dxtrade-dxtrade-icon-block iconAlign-left\"><img decoding=\"async\" src=\"https:\/\/dx.trade\/app\/uploads\/2023\/09\/calendar.svg\" class=\"iconBlockIcon\" alt=\"\"\/><div class=\"iconBlockContent\">\n<h4 class=\"wp-block-heading\" id=\"h-trader-diario-de-patrones\">Trader Diario de Patrones<\/h4>\n\n\n\n<p>La plataforma rastrea el n\u00famero de operaciones diarias por cuenta y marca y restringe sistem\u00e1ticamente a los usuarios que cumplen con la calificaci\u00f3n de trader diario de patrones (PDT) si no mantienen el saldo m\u00ednimo requerido.<\/p>\n<\/div><\/div>\n<\/div>\n<\/div>\n<\/div>\n<\/div>\n\n\n\n<div class=\"wp-block-columns is-layout-flex wp-container-core-columns-is-layout-827cdfe9 wp-block-columns-is-layout-flex\" style=\"padding-top:var(--wp--preset--spacing--60-px);padding-bottom:var(--wp--preset--spacing--80-px)\">\n<div class=\"wp-block-column is-layout-flow wp-block-column-is-layout-flow\">\n<h2 class=\"wp-block-heading\" id=\"h-simulacion-de-ejecucion\">Simulaci\u00f3n de ejecuci\u00f3n<\/h2>\n<\/div>\n\n\n\n<div class=\"wp-block-column is-layout-flow wp-block-column-is-layout-flow\">\n<p>DXtrade XT ofrece a sus clientes un entorno de mercado simulado representado por cuentas demo. El m\u00f3dulo autoejecutor admite \u00f3rdenes L\u00edmite y de Mercado y es configurable a nivel de instrumento. Se admiten las siguientes acciones de \u00f3rdenes: Completar, Completar en Partes, Rechazar Orden y Completar Parcialmente + Cancelar.<\/p>\n<\/div>\n<\/div>\n\n\n\n<div class=\"wp-block-dxtrade-cta-banner\"><div class=\"ctaBlockContent\"><h2 class=\"ctaBlockTitle\"><span class=\"ctaBlockTitleStaticText\">\u00bfInteresado en<\/span><span class=\"ctaBlockTitleAnimationWrapper\"><span class=\"ctaBlockTitleColored\">DXtrade\u00a0<span class=\"ctaBlockTitleType \">XT<\/span><\/span>?<\/span><\/h2><p class=\"ctaBlockText\">\u00a1Pru\u00e9balo ahora mismo!<\/p><a href=\"https:\/\/dx.trade\/request-a-demo\/?platform=xt\" class=\"ctaBlockButton button\">Acceder a DXtrade<\/a><\/div><\/div>\n","protected":false},"excerpt":{"rendered":"<p>DXtrade OMS Gesti\u00f3n en tiempo real de \u00f3rdenes, posiciones y saldos de cuentas Gesti\u00f3n de cantidades fraccionadas y nocionales Nuestro&#8230;<\/p>\n","protected":false},"author":6,"featured_media":5339,"parent":7058,"menu_order":0,"comment_status":"closed","ping_status":"closed","template":"trading-platforms.blade.php","meta":{"_acf_changed":false,"footnotes":""},"class_list":["post-6682","page","type-page","status-publish","has-post-thumbnail","hentry"],"acf":[],"_links":{"self":[{"href":"https:\/\/dx.trade\/es\/wp-json\/wp\/v2\/pages\/6682","targetHints":{"allow":["GET"]}}],"collection":[{"href":"https:\/\/dx.trade\/es\/wp-json\/wp\/v2\/pages"}],"about":[{"href":"https:\/\/dx.trade\/es\/wp-json\/wp\/v2\/types\/page"}],"author":[{"embeddable":true,"href":"https:\/\/dx.trade\/es\/wp-json\/wp\/v2\/users\/6"}],"replies":[{"embeddable":true,"href":"https:\/\/dx.trade\/es\/wp-json\/wp\/v2\/comments?post=6682"}],"version-history":[{"count":9,"href":"https:\/\/dx.trade\/es\/wp-json\/wp\/v2\/pages\/6682\/revisions"}],"predecessor-version":[{"id":7178,"href":"https:\/\/dx.trade\/es\/wp-json\/wp\/v2\/pages\/6682\/revisions\/7178"}],"up":[{"embeddable":true,"href":"https:\/\/dx.trade\/es\/wp-json\/wp\/v2\/pages\/7058"}],"wp:featuredmedia":[{"embeddable":true,"href":"https:\/\/dx.trade\/es\/wp-json\/wp\/v2\/media\/5339"}],"wp:attachment":[{"href":"https:\/\/dx.trade\/es\/wp-json\/wp\/v2\/media?parent=6682"}],"curies":[{"name":"wp","href":"https:\/\/api.w.org\/{rel}","templated":true}]}}