{"id":6678,"date":"2023-10-07T10:31:23","date_gmt":"2023-10-07T10:31:23","guid":{"rendered":"https:\/\/dx.trade\/brokers-destacados\/"},"modified":"2024-03-19T13:50:26","modified_gmt":"2024-03-19T13:50:26","slug":"brokers-destacados","status":"publish","type":"page","link":"https:\/\/dx.trade\/es\/brokers-destacados\/","title":{"rendered":"Brokers destacados"},"content":{"rendered":"\n<div class=\"wp-block-group topGlow topGlowMobile is-layout-constrained wp-block-group-is-layout-constrained\" style=\"padding-top:var(--wp--preset--spacing--40-px);padding-bottom:var(--wp--preset--spacing--80-px)\">\n<div class=\"wp-block-columns is-layout-flex wp-container-core-columns-is-layout-9d6595d7 wp-block-columns-is-layout-flex\">\n<div class=\"wp-block-column is-layout-flow wp-block-column-is-layout-flow\">\n<h1 class=\"wp-block-heading has-text-align-center\" id=\"h-brokers-destacados\">Brokers destacados<\/h1>\n\n\n\n<p class=\"has-text-align-center subtitle\" style=\"margin-bottom:var(--wp--preset--spacing--40-px)\">Aqu\u00ed est\u00e1n algunos de los brokers que conf\u00edan en nuestra tecnolog\u00eda para atender a sus clientes.<\/p>\n\n\n<div class=\"fBrokersGrid\">\n      <div class=\"fBrokersItem\">\n      <div class=\"fBrokersItemImgWrapper\">\n        <img decoding=\"async\" width=\"180\" height=\"77\" src=\"https:\/\/dx.trade\/app\/uploads\/2023\/10\/deriv.svg\" class=\"attachment-broker size-broker wp-post-image\" alt=\"\" loading=\"lazy\" \/>\n      <\/div>\n      <div class=\"fBrokersItemContent\">\n        <div>\n                      <div class=\"fBrokersItemTitle\">DerivX<\/div>\n                    <div class=\"fBrokersItemDescription\">Creado en 1999, ahora es uno de los mayores brokers en l\u00ednea del mundo ofreciendo CFD y otros derivados a millones de usuarios registrados en todo el mundo.<\/div>\n        <\/div>\n                  <div class=\"fBrokersItemTags\">\n                          <div class=\"fBrokersItemTag\">CFDs<\/div>\n                          <div class=\"fBrokersItemTag\">FX<\/div>\n                          <div class=\"fBrokersItemTag\">Global<\/div>\n                      <\/div>\n              <\/div>\n    <\/div>\n      <div class=\"fBrokersItem\">\n      <div class=\"fBrokersItemImgWrapper\">\n        <img decoding=\"async\" width=\"180\" height=\"77\" src=\"https:\/\/dx.trade\/app\/uploads\/2023\/10\/blackbull-180x77.png\" class=\"attachment-broker size-broker wp-post-image\" alt=\"\" loading=\"lazy\" srcset=\"https:\/\/dx.trade\/app\/uploads\/2023\/10\/blackbull-180x77.png 180w, https:\/\/dx.trade\/app\/uploads\/2023\/10\/blackbull-300x128.png 300w, https:\/\/dx.trade\/app\/uploads\/2023\/10\/blackbull-130x55.png 130w, https:\/\/dx.trade\/app\/uploads\/2023\/10\/blackbull-150x64.png 150w, https:\/\/dx.trade\/app\/uploads\/2023\/10\/blackbull-160x68.png 160w, https:\/\/dx.trade\/app\/uploads\/2023\/10\/blackbull-200x85.png 200w, https:\/\/dx.trade\/app\/uploads\/2023\/10\/blackbull-320x136.png 320w, https:\/\/dx.trade\/app\/uploads\/2023\/10\/blackbull.png 360w\" sizes=\"auto, (max-width: 180px) 100vw, 180px\" \/>\n      <\/div>\n      <div class=\"fBrokersItemContent\">\n        <div>\n                      <div class=\"fBrokersItemTitle\">BlackBull<\/div>\n                    <div class=\"fBrokersItemDescription\">Fundado en Auckland en 2014, el broker actualmente atiende a decenas de miles de traders de m\u00e1s de 180 pa\u00edses diferentes y busca oportunidades para mejorar a\u00fan m\u00e1s la experiencia de trading de sus clientes en la plataforma.<\/div>\n        <\/div>\n                  <div class=\"fBrokersItemTags\">\n                          <div class=\"fBrokersItemTag\">CFDs<\/div>\n                          <div class=\"fBrokersItemTag\">FX<\/div>\n                          <div class=\"fBrokersItemTag\">Global<\/div>\n                      <\/div>\n              <\/div>\n    <\/div>\n      <div class=\"fBrokersItem\">\n      <div class=\"fBrokersItemImgWrapper\">\n        <img decoding=\"async\" width=\"180\" height=\"77\" src=\"https:\/\/dx.trade\/app\/uploads\/2023\/11\/FTMO-180x77.png\" class=\"attachment-broker size-broker wp-post-image\" alt=\"\" loading=\"lazy\" srcset=\"https:\/\/dx.trade\/app\/uploads\/2023\/11\/FTMO-180x77.png 180w, https:\/\/dx.trade\/app\/uploads\/2023\/11\/FTMO-300x128.png 300w, https:\/\/dx.trade\/app\/uploads\/2023\/11\/FTMO-130x55.png 130w, https:\/\/dx.trade\/app\/uploads\/2023\/11\/FTMO-150x64.png 150w, https:\/\/dx.trade\/app\/uploads\/2023\/11\/FTMO-160x68.png 160w, https:\/\/dx.trade\/app\/uploads\/2023\/11\/FTMO-200x85.png 200w, https:\/\/dx.trade\/app\/uploads\/2023\/11\/FTMO.png 320w\" sizes=\"auto, (max-width: 180px) 100vw, 180px\" \/>\n      <\/div>\n      <div class=\"fBrokersItemContent\">\n        <div>\n                      <div class=\"fBrokersItemTitle\">FTMO<\/div>\n                    <div class=\"fBrokersItemDescription\">FTMO es una empresa l\u00edder de prop trading fundada en 2015 y con sede en la Rep\u00fablica Checa. Desde su inicio, ha proporcionado miles de clientes con cuentas FTMO y ha pagado m\u00e1s de $160 millones.<\/div>\n        <\/div>\n                  <div class=\"fBrokersItemTags\">\n                          <div class=\"fBrokersItemTag\">CFDs<\/div>\n                          <div class=\"fBrokersItemTag\">FX<\/div>\n                          <div class=\"fBrokersItemTag\">Global<\/div>\n                          <div class=\"fBrokersItemTag\">Prop trading<\/div>\n                      <\/div>\n              <\/div>\n    <\/div>\n      <div class=\"fBrokersItem\">\n      <div class=\"fBrokersItemImgWrapper\">\n        <img decoding=\"async\" width=\"180\" height=\"77\" src=\"https:\/\/dx.trade\/app\/uploads\/2023\/12\/Group-38480-180x77.png\" class=\"attachment-broker size-broker wp-post-image\" alt=\"\" loading=\"lazy\" srcset=\"https:\/\/dx.trade\/app\/uploads\/2023\/12\/Group-38480-180x77.png 180w, https:\/\/dx.trade\/app\/uploads\/2023\/12\/Group-38480-300x128.png 300w, https:\/\/dx.trade\/app\/uploads\/2023\/12\/Group-38480-130x55.png 130w, https:\/\/dx.trade\/app\/uploads\/2023\/12\/Group-38480-150x64.png 150w, https:\/\/dx.trade\/app\/uploads\/2023\/12\/Group-38480-160x68.png 160w, https:\/\/dx.trade\/app\/uploads\/2023\/12\/Group-38480-200x85.png 200w, https:\/\/dx.trade\/app\/uploads\/2023\/12\/Group-38480.png 320w\" sizes=\"auto, (max-width: 180px) 100vw, 180px\" \/>\n      <\/div>\n      <div class=\"fBrokersItemContent\">\n        <div>\n                      <div class=\"fBrokersItemTitle\">Nexus Fintrade<\/div>\n                    <div class=\"fBrokersItemDescription\">Nexus Fintrade es una empresa de corretaje de Malasia que ofrece m\u00e1s de 100 pares de divisas y presta servicios en m\u00e1s de 190 pa\u00edses. Empodera a los inversionistas aut\u00f3nomos para tomar decisiones de trading informadas con tecnolog\u00eda, educaci\u00f3n y soporte personalizado.<\/div>\n        <\/div>\n                  <div class=\"fBrokersItemTags\">\n                          <div class=\"fBrokersItemTag\">CFDs<\/div>\n                          <div class=\"fBrokersItemTag\">Cripto<\/div>\n                          <div class=\"fBrokersItemTag\">FX<\/div>\n                          <div class=\"fBrokersItemTag\">Global<\/div>\n                      <\/div>\n              <\/div>\n    <\/div>\n      <div class=\"fBrokersItem\">\n      <div class=\"fBrokersItemImgWrapper\">\n        <img decoding=\"async\" width=\"180\" height=\"77\" src=\"https:\/\/dx.trade\/app\/uploads\/2023\/10\/dpl.svg\" class=\"attachment-broker size-broker wp-post-image\" alt=\"\" loading=\"lazy\" \/>\n      <\/div>\n      <div class=\"fBrokersItemContent\">\n        <div>\n                      <div class=\"fBrokersItemTitle\">DPL<\/div>\n                    <div class=\"fBrokersItemDescription\">Constituido en enero de 2014, DPL es uno de los brokers m\u00e1s experimentados, exitosos y profesionales de la industria. The company stands for security, confidentiality, and professionalism.<\/div>\n        <\/div>\n                  <div class=\"fBrokersItemTags\">\n                          <div class=\"fBrokersItemTag\">CFDs<\/div>\n                          <div class=\"fBrokersItemTag\">FX<\/div>\n                          <div class=\"fBrokersItemTag\">Global<\/div>\n                      <\/div>\n              <\/div>\n    <\/div>\n      <div class=\"fBrokersItem\">\n      <div class=\"fBrokersItemImgWrapper\">\n        <img decoding=\"async\" width=\"180\" height=\"77\" src=\"https:\/\/dx.trade\/app\/uploads\/2023\/10\/freestoxx.svg\" class=\"attachment-broker size-broker wp-post-image\" alt=\"\" loading=\"lazy\" \/>\n      <\/div>\n      <div class=\"fBrokersItemContent\">\n        <div>\n                      <div class=\"fBrokersItemTitle\">Freestoxx<\/div>\n                    <div class=\"fBrokersItemDescription\">Freestoxx es una subsidiaria de WH SelfInvest, que ha estado atendiendo a clientes particulares desde 1998. El broker cuenta con varias licencias de reguladores y ofrece operaciones de acciones y opciones sin comisiones.<\/div>\n        <\/div>\n                  <div class=\"fBrokersItemTags\">\n                          <div class=\"fBrokersItemTag\">Acciones<\/div>\n                          <div class=\"fBrokersItemTag\">Global<\/div>\n                          <div class=\"fBrokersItemTag\">Opciones<\/div>\n                      <\/div>\n              <\/div>\n    <\/div>\n      <div class=\"fBrokersItem\">\n      <div class=\"fBrokersItemImgWrapper\">\n        <img decoding=\"async\" width=\"180\" height=\"77\" src=\"https:\/\/dx.trade\/app\/uploads\/2023\/10\/eightcap-180x77.png\" class=\"attachment-broker size-broker wp-post-image\" alt=\"\" loading=\"lazy\" srcset=\"https:\/\/dx.trade\/app\/uploads\/2023\/10\/eightcap-180x77.png 180w, https:\/\/dx.trade\/app\/uploads\/2023\/10\/eightcap-160x68.png 160w, https:\/\/dx.trade\/app\/uploads\/2023\/10\/eightcap-200x85.png 200w, https:\/\/dx.trade\/app\/uploads\/2023\/10\/eightcap-320x136.png 320w, https:\/\/dx.trade\/app\/uploads\/2023\/10\/eightcap-300x128.png 300w, https:\/\/dx.trade\/app\/uploads\/2023\/10\/eightcap-130x55.png 130w, https:\/\/dx.trade\/app\/uploads\/2023\/10\/eightcap-150x64.png 150w, https:\/\/dx.trade\/app\/uploads\/2023\/10\/eightcap.png 360w\" sizes=\"auto, (max-width: 180px) 100vw, 180px\" \/>\n      <\/div>\n      <div class=\"fBrokersItemContent\">\n        <div>\n                      <div class=\"fBrokersItemTitle\">Eightcap<\/div>\n                    <div class=\"fBrokersItemDescription\">Fundada en Melbourne, Australia en 2009, Eightcap cuenta con m\u00faltiples licencias y atiende a traders en todo el mundo. El broker presume de comisiones de tarifas bajas y ofrece m\u00e1s de 800 instrumentos de trading.<\/div>\n        <\/div>\n                  <div class=\"fBrokersItemTags\">\n                          <div class=\"fBrokersItemTag\">CFDs<\/div>\n                          <div class=\"fBrokersItemTag\">Cripto<\/div>\n                          <div class=\"fBrokersItemTag\">FX<\/div>\n                          <div class=\"fBrokersItemTag\">Global<\/div>\n                      <\/div>\n              <\/div>\n    <\/div>\n      <div class=\"fBrokersItem\">\n      <div class=\"fBrokersItemImgWrapper\">\n        <img decoding=\"async\" width=\"180\" height=\"77\" src=\"https:\/\/dx.trade\/app\/uploads\/2023\/10\/my-bro.svg\" class=\"attachment-broker size-broker wp-post-image\" alt=\"\" loading=\"lazy\" \/>\n      <\/div>\n      <div class=\"fBrokersItemContent\">\n        <div>\n                      <div class=\"fBrokersItemTitle\">MyBro<\/div>\n                    <div class=\"fBrokersItemDescription\">Desde su lanzamiento en 2019, MyBro tiene como objetivo hacer que el trading sea transparente y f\u00e1cil de entender. El broker ofrece CFDs sobre cientos de instrumentos, y sus servicios est\u00e1n disponibles para traders en todo el mundo.<\/div>\n        <\/div>\n                  <div class=\"fBrokersItemTags\">\n                          <div class=\"fBrokersItemTag\">CFDs<\/div>\n                          <div class=\"fBrokersItemTag\">Cripto<\/div>\n                          <div class=\"fBrokersItemTag\">Global<\/div>\n                      <\/div>\n              <\/div>\n    <\/div>\n      <div class=\"fBrokersItem\">\n      <div class=\"fBrokersItemImgWrapper\">\n        <img decoding=\"async\" width=\"180\" height=\"77\" src=\"https:\/\/dx.trade\/app\/uploads\/2023\/11\/jetvix-180x77.png\" class=\"attachment-broker size-broker wp-post-image\" alt=\"\" loading=\"lazy\" srcset=\"https:\/\/dx.trade\/app\/uploads\/2023\/11\/jetvix-180x77.png 180w, https:\/\/dx.trade\/app\/uploads\/2023\/11\/jetvix-300x128.png 300w, https:\/\/dx.trade\/app\/uploads\/2023\/11\/jetvix-130x56.png 130w, https:\/\/dx.trade\/app\/uploads\/2023\/11\/jetvix-150x64.png 150w, https:\/\/dx.trade\/app\/uploads\/2023\/11\/jetvix-160x68.png 160w, https:\/\/dx.trade\/app\/uploads\/2023\/11\/jetvix-200x85.png 200w, https:\/\/dx.trade\/app\/uploads\/2023\/11\/jetvix-320x137.png 320w, https:\/\/dx.trade\/app\/uploads\/2023\/11\/jetvix.png 360w\" sizes=\"auto, (max-width: 180px) 100vw, 180px\" \/>\n      <\/div>\n      <div class=\"fBrokersItemContent\">\n        <div>\n                      <div class=\"fBrokersItemTitle\">Jetvix<\/div>\n                    <div class=\"fBrokersItemDescription\">Jetvix es una empresa de corretaje que prioriza la satisfacci\u00f3n del usuario. Ofrece m\u00e1s de 140 activos y presume de facturaci\u00f3n por encima de $200 millones.<\/div>\n        <\/div>\n                  <div class=\"fBrokersItemTags\">\n                          <div class=\"fBrokersItemTag\">CFDs<\/div>\n                          <div class=\"fBrokersItemTag\">FX<\/div>\n                          <div class=\"fBrokersItemTag\">Global<\/div>\n                      <\/div>\n              <\/div>\n    <\/div>\n  <\/div>\n\n<\/div>\n<\/div>\n<\/div>\n","protected":false},"excerpt":{"rendered":"<p>Brokers destacados Aqu\u00ed est\u00e1n algunos de los brokers que conf\u00edan en nuestra tecnolog\u00eda para atender a sus clientes.<\/p>\n","protected":false},"author":9,"featured_media":0,"parent":0,"menu_order":0,"comment_status":"closed","ping_status":"closed","template":"featured-brokers.blade.php","meta":{"_acf_changed":false,"footnotes":""},"class_list":["post-6678","page","type-page","status-publish","hentry"],"acf":[],"_links":{"self":[{"href":"https:\/\/dx.trade\/es\/wp-json\/wp\/v2\/pages\/6678","targetHints":{"allow":["GET"]}}],"collection":[{"href":"https:\/\/dx.trade\/es\/wp-json\/wp\/v2\/pages"}],"about":[{"href":"https:\/\/dx.trade\/es\/wp-json\/wp\/v2\/types\/page"}],"author":[{"embeddable":true,"href":"https:\/\/dx.trade\/es\/wp-json\/wp\/v2\/users\/9"}],"replies":[{"embeddable":true,"href":"https:\/\/dx.trade\/es\/wp-json\/wp\/v2\/comments?post=6678"}],"version-history":[{"count":10,"href":"https:\/\/dx.trade\/es\/wp-json\/wp\/v2\/pages\/6678\/revisions"}],"predecessor-version":[{"id":6886,"href":"https:\/\/dx.trade\/es\/wp-json\/wp\/v2\/pages\/6678\/revisions\/6886"}],"wp:attachment":[{"href":"https:\/\/dx.trade\/es\/wp-json\/wp\/v2\/media?parent=6678"}],"curies":[{"name":"wp","href":"https:\/\/api.w.org\/{rel}","templated":true}]}}