{"id":6669,"date":"2020-04-02T17:52:22","date_gmt":"2020-04-02T17:52:22","guid":{"rendered":"https:\/\/dx.trade\/pagina-principal\/"},"modified":"2025-03-21T13:33:59","modified_gmt":"2025-03-21T13:33:59","slug":"pagina-principal","status":"publish","type":"page","link":"https:\/\/dx.trade\/es\/","title":{"rendered":"P\u00e1gina principal"},"content":{"rendered":"\n<div class=\"wp-block-group homeBanner is-layout-constrained wp-block-group-is-layout-constrained\">\n<div class=\"wp-block-columns is-layout-flex wp-container-core-columns-is-layout-3b881674 wp-block-columns-is-layout-flex\" style=\"padding-top:var(--wp--preset--spacing--40-px)\">\n<div class=\"wp-block-column is-layout-flow wp-block-column-is-layout-flow\" style=\"padding-bottom:var(--wp--preset--spacing--40-px)\">\n<h1 class=\"wp-block-heading has-text-align-center\" id=\"h-plataformas-de-trading-activos-multiples-brokers\">Plataformas de Trading<br><span class=\"brandColoredText\">Activos m\u00faltiples<\/span> Brokers<\/h1>\n<\/div>\n<\/div>\n\n\n\n<div class=\"wp-block-columns is-not-stacked-on-mobile homeBannerSlider is-layout-flex wp-container-core-columns-is-layout-9d6595d7 wp-block-columns-is-layout-flex\" id=\"home_banner_slider\">\n<div class=\"wp-block-column is-layout-flow wp-block-column-is-layout-flow\">\n<figure class=\"wp-block-image size-full is-resized\"><img loading=\"lazy\" decoding=\"async\" width=\"1024\" height=\"624\" src=\"https:\/\/dx.trade\/app\/uploads\/2023\/08\/home-banner-xt.png\" alt=\"\" class=\"wp-image-2798\" style=\"object-fit:contain;width:512px;height:312px\" srcset=\"https:\/\/dx.trade\/app\/uploads\/2023\/08\/home-banner-xt.png 1024w, https:\/\/dx.trade\/app\/uploads\/2023\/08\/home-banner-xt-430x262.png 430w, https:\/\/dx.trade\/app\/uploads\/2023\/08\/home-banner-xt-473x288.png 473w, https:\/\/dx.trade\/app\/uploads\/2023\/08\/home-banner-xt-112x68.png 112w, https:\/\/dx.trade\/app\/uploads\/2023\/08\/home-banner-xt-139x85.png 139w, https:\/\/dx.trade\/app\/uploads\/2023\/08\/home-banner-xt-320x195.png 320w, https:\/\/dx.trade\/app\/uploads\/2023\/08\/home-banner-xt-512x312.png 512w, https:\/\/dx.trade\/app\/uploads\/2023\/08\/home-banner-xt-160x98.png 160w, https:\/\/dx.trade\/app\/uploads\/2023\/08\/home-banner-xt-300x183.png 300w, https:\/\/dx.trade\/app\/uploads\/2023\/08\/home-banner-xt-768x468.png 768w, https:\/\/dx.trade\/app\/uploads\/2023\/08\/home-banner-xt-130x79.png 130w, https:\/\/dx.trade\/app\/uploads\/2023\/08\/home-banner-xt-150x91.png 150w, https:\/\/dx.trade\/app\/uploads\/2023\/08\/home-banner-xt-180x110.png 180w, https:\/\/dx.trade\/app\/uploads\/2023\/08\/home-banner-xt-380x232.png 380w, https:\/\/dx.trade\/app\/uploads\/2023\/08\/home-banner-xt-420x256.png 420w, https:\/\/dx.trade\/app\/uploads\/2023\/08\/home-banner-xt-460x280.png 460w, https:\/\/dx.trade\/app\/uploads\/2023\/08\/home-banner-xt-468x285.png 468w, https:\/\/dx.trade\/app\/uploads\/2023\/08\/home-banner-xt-480x293.png 480w, https:\/\/dx.trade\/app\/uploads\/2023\/08\/home-banner-xt-500x305.png 500w, https:\/\/dx.trade\/app\/uploads\/2023\/08\/home-banner-xt-580x353.png 580w, https:\/\/dx.trade\/app\/uploads\/2023\/08\/home-banner-xt-780x475.png 780w, https:\/\/dx.trade\/app\/uploads\/2023\/08\/home-banner-xt-1020x622.png 1020w, https:\/\/dx.trade\/app\/uploads\/2023\/08\/home-banner-xt-668x407.png 668w, https:\/\/dx.trade\/app\/uploads\/2023\/08\/home-banner-xt-724x441.png 724w, https:\/\/dx.trade\/app\/uploads\/2023\/08\/home-banner-xt-126x77.png 126w\" sizes=\"auto, (max-width: 1024px) 100vw, 1024px\" \/><\/figure>\n\n\n\n<h3 class=\"wp-block-heading has-text-align-center\" id=\"h-acciones-opciones-futuros-fondos-mutuos-y-bonos\">Acciones, Opciones, Futuros,<br>Fondos Mutuos, y Bonos<\/h3>\n\n\n\n<div class=\"wp-block-buttons is-content-justification-center is-layout-flex wp-container-core-buttons-is-layout-16018d1d wp-block-buttons-is-layout-flex\">\n<div class=\"wp-block-button\"><a class=\"wp-block-button__link has-text-align-center wp-element-button\" href=\"https:\/\/dx.trade\/dxtrade-xt\/dxtrade-xt-overview\/\">Acerca DXtrade XT<\/a><\/div>\n<\/div>\n<\/div>\n\n\n\n<div class=\"wp-block-column is-layout-flow wp-block-column-is-layout-flow\">\n<figure class=\"wp-block-image size-full is-resized\"><img loading=\"lazy\" decoding=\"async\" width=\"1024\" height=\"624\" src=\"https:\/\/dx.trade\/app\/uploads\/2023\/08\/home-banner-cfd.png\" alt=\"\" class=\"wp-image-2799\" style=\"object-fit:contain;width:512px;height:312px\" srcset=\"https:\/\/dx.trade\/app\/uploads\/2023\/08\/home-banner-cfd.png 1024w, https:\/\/dx.trade\/app\/uploads\/2023\/08\/home-banner-cfd-430x262.png 430w, https:\/\/dx.trade\/app\/uploads\/2023\/08\/home-banner-cfd-473x288.png 473w, https:\/\/dx.trade\/app\/uploads\/2023\/08\/home-banner-cfd-112x68.png 112w, https:\/\/dx.trade\/app\/uploads\/2023\/08\/home-banner-cfd-139x85.png 139w, https:\/\/dx.trade\/app\/uploads\/2023\/08\/home-banner-cfd-320x195.png 320w, https:\/\/dx.trade\/app\/uploads\/2023\/08\/home-banner-cfd-512x312.png 512w, https:\/\/dx.trade\/app\/uploads\/2023\/08\/home-banner-cfd-160x98.png 160w, https:\/\/dx.trade\/app\/uploads\/2023\/08\/home-banner-cfd-300x183.png 300w, https:\/\/dx.trade\/app\/uploads\/2023\/08\/home-banner-cfd-768x468.png 768w, https:\/\/dx.trade\/app\/uploads\/2023\/08\/home-banner-cfd-130x79.png 130w, https:\/\/dx.trade\/app\/uploads\/2023\/08\/home-banner-cfd-150x91.png 150w, https:\/\/dx.trade\/app\/uploads\/2023\/08\/home-banner-cfd-180x110.png 180w, https:\/\/dx.trade\/app\/uploads\/2023\/08\/home-banner-cfd-380x232.png 380w, https:\/\/dx.trade\/app\/uploads\/2023\/08\/home-banner-cfd-420x256.png 420w, https:\/\/dx.trade\/app\/uploads\/2023\/08\/home-banner-cfd-460x280.png 460w, https:\/\/dx.trade\/app\/uploads\/2023\/08\/home-banner-cfd-468x285.png 468w, https:\/\/dx.trade\/app\/uploads\/2023\/08\/home-banner-cfd-480x293.png 480w, https:\/\/dx.trade\/app\/uploads\/2023\/08\/home-banner-cfd-500x305.png 500w, https:\/\/dx.trade\/app\/uploads\/2023\/08\/home-banner-cfd-580x353.png 580w, https:\/\/dx.trade\/app\/uploads\/2023\/08\/home-banner-cfd-780x475.png 780w, https:\/\/dx.trade\/app\/uploads\/2023\/08\/home-banner-cfd-1020x622.png 1020w, https:\/\/dx.trade\/app\/uploads\/2023\/08\/home-banner-cfd-668x407.png 668w, https:\/\/dx.trade\/app\/uploads\/2023\/08\/home-banner-cfd-724x441.png 724w, https:\/\/dx.trade\/app\/uploads\/2023\/08\/home-banner-cfd-126x77.png 126w\" sizes=\"auto, (max-width: 1024px) 100vw, 1024px\" \/><\/figure>\n\n\n\n<h3 class=\"wp-block-heading has-text-align-center\" id=\"h-fx-cfds-y-apuestas-a-margenes\">FX, CFDs,<br>y Apuestas a M\u00e1rgenes<\/h3>\n\n\n\n<div class=\"wp-block-buttons is-content-justification-center is-layout-flex wp-container-core-buttons-is-layout-16018d1d wp-block-buttons-is-layout-flex\">\n<div class=\"wp-block-button\"><a class=\"wp-block-button__link has-text-align-center wp-element-button\" href=\"https:\/\/dx.trade\/dxtrade-fx\/overview\/\">Acerca DXtrade CFD<\/a><\/div>\n<\/div>\n<\/div>\n\n\n\n<div class=\"wp-block-column is-layout-flow wp-block-column-is-layout-flow\">\n<figure class=\"wp-block-image size-full is-resized\"><img loading=\"lazy\" decoding=\"async\" width=\"1024\" height=\"624\" src=\"https:\/\/dx.trade\/app\/uploads\/2023\/08\/home-banner-crypto.png\" alt=\"\" class=\"wp-image-2800\" style=\"object-fit:contain;width:512px;height:312px\" srcset=\"https:\/\/dx.trade\/app\/uploads\/2023\/08\/home-banner-crypto.png 1024w, https:\/\/dx.trade\/app\/uploads\/2023\/08\/home-banner-crypto-430x262.png 430w, https:\/\/dx.trade\/app\/uploads\/2023\/08\/home-banner-crypto-473x288.png 473w, https:\/\/dx.trade\/app\/uploads\/2023\/08\/home-banner-crypto-112x68.png 112w, https:\/\/dx.trade\/app\/uploads\/2023\/08\/home-banner-crypto-139x85.png 139w, https:\/\/dx.trade\/app\/uploads\/2023\/08\/home-banner-crypto-320x195.png 320w, https:\/\/dx.trade\/app\/uploads\/2023\/08\/home-banner-crypto-512x312.png 512w, https:\/\/dx.trade\/app\/uploads\/2023\/08\/home-banner-crypto-160x98.png 160w, https:\/\/dx.trade\/app\/uploads\/2023\/08\/home-banner-crypto-300x183.png 300w, https:\/\/dx.trade\/app\/uploads\/2023\/08\/home-banner-crypto-768x468.png 768w, https:\/\/dx.trade\/app\/uploads\/2023\/08\/home-banner-crypto-130x79.png 130w, https:\/\/dx.trade\/app\/uploads\/2023\/08\/home-banner-crypto-150x91.png 150w, https:\/\/dx.trade\/app\/uploads\/2023\/08\/home-banner-crypto-180x110.png 180w, https:\/\/dx.trade\/app\/uploads\/2023\/08\/home-banner-crypto-380x232.png 380w, https:\/\/dx.trade\/app\/uploads\/2023\/08\/home-banner-crypto-420x256.png 420w, https:\/\/dx.trade\/app\/uploads\/2023\/08\/home-banner-crypto-460x280.png 460w, https:\/\/dx.trade\/app\/uploads\/2023\/08\/home-banner-crypto-468x285.png 468w, https:\/\/dx.trade\/app\/uploads\/2023\/08\/home-banner-crypto-480x293.png 480w, https:\/\/dx.trade\/app\/uploads\/2023\/08\/home-banner-crypto-500x305.png 500w, https:\/\/dx.trade\/app\/uploads\/2023\/08\/home-banner-crypto-580x353.png 580w, https:\/\/dx.trade\/app\/uploads\/2023\/08\/home-banner-crypto-780x475.png 780w, https:\/\/dx.trade\/app\/uploads\/2023\/08\/home-banner-crypto-1020x622.png 1020w, https:\/\/dx.trade\/app\/uploads\/2023\/08\/home-banner-crypto-668x407.png 668w, https:\/\/dx.trade\/app\/uploads\/2023\/08\/home-banner-crypto-724x441.png 724w, https:\/\/dx.trade\/app\/uploads\/2023\/08\/home-banner-crypto-126x77.png 126w\" sizes=\"auto, (max-width: 1024px) 100vw, 1024px\" \/><\/figure>\n\n\n\n<h3 class=\"wp-block-heading has-text-align-center\" id=\"h-spot-de-criptomonedas-y-margenes-de-criptomonedas\">Spot de Criptomonedas<br>y M\u00e1rgenes de Criptomonedas<\/h3>\n\n\n\n<div class=\"wp-block-buttons is-content-justification-center is-layout-flex wp-container-core-buttons-is-layout-16018d1d wp-block-buttons-is-layout-flex\">\n<div class=\"wp-block-button\"><a class=\"wp-block-button__link has-text-align-center wp-element-button\" href=\"https:\/\/dx.trade\/dxtrade-crypto\/overview\/\">Acerca DXtrade Cripto<\/a><\/div>\n<\/div>\n<\/div>\n<\/div>\n<\/div>\n\n\n\n<div class=\"wp-block-columns is-layout-flex wp-container-core-columns-is-layout-640e5fd7 wp-block-columns-is-layout-flex\" style=\"margin-top:var(--wp--preset--spacing--60-px);padding-top:var(--wp--preset--spacing--100-px);padding-bottom:var(--wp--preset--spacing--40-px)\">\n<div class=\"wp-block-column is-layout-flow wp-block-column-is-layout-flow\">\n<h2 class=\"wp-block-heading has-text-align-center\" id=\"h-nuestros-clientes\">Nuestros Clientes<\/h2>\n\n\n\n<div class=\"wp-block-dxtrade-dxtrade-our-clients\" data-our-clients-slider=\"\">\n<div class=\"wp-block-group is-content-justification-center is-nowrap is-layout-flex wp-container-core-group-is-layout-94bc23d7 wp-block-group-is-layout-flex\">\n<figure class=\"wp-block-image size-large\"><img loading=\"lazy\" decoding=\"async\" width=\"220\" height=\"82\" src=\"https:\/\/dx.trade\/app\/uploads\/2023\/10\/blackbull.svg\" alt=\"\" class=\"wp-image-3328\"\/><\/figure>\n\n\n\n<figure class=\"wp-block-image size-large is-resized\"><img loading=\"lazy\" decoding=\"async\" width=\"220\" height=\"82\" src=\"https:\/\/dx.trade\/app\/uploads\/2023\/08\/cexio.svg\" alt=\"\" class=\"wp-image-2804\" style=\"width:220px;height:88px\"\/><\/figure>\n\n\n\n<figure class=\"wp-block-image size-large\"><img loading=\"lazy\" decoding=\"async\" width=\"220\" height=\"88\" src=\"https:\/\/dx.trade\/app\/uploads\/2023\/08\/prime-xbt.svg\" alt=\"\" class=\"wp-image-2805\"\/><\/figure>\n\n\n\n<figure class=\"wp-block-image size-large\"><img loading=\"lazy\" decoding=\"async\" width=\"220\" height=\"88\" src=\"https:\/\/dx.trade\/app\/uploads\/2023\/08\/free-stoxx.svg\" alt=\"\" class=\"wp-image-2807\"\/><\/figure>\n\n\n\n<figure class=\"wp-block-image size-large\"><img decoding=\"async\" src=\"https:\/\/dx.trade\/app\/uploads\/2023\/10\/deriv-1.svg\" alt=\"\" class=\"wp-image-3322\"\/><\/figure>\n\n\n\n<figure class=\"wp-block-image size-large is-resized\"><img loading=\"lazy\" decoding=\"async\" width=\"183\" height=\"85\" src=\"https:\/\/dx.trade\/app\/uploads\/2023\/10\/dpl-1.svg\" alt=\"\" class=\"wp-image-3289\" style=\"width:220px;height:88px\"\/><\/figure>\n<\/div>\n<\/div>\n<\/div>\n<\/div>\n\n\n\n<div class=\"wp-block-group homeQuotes is-layout-constrained wp-block-group-is-layout-constrained\" style=\"padding-bottom:var(--wp--preset--spacing--60-px)\">\n<div class=\"wp-block-columns are-vertically-aligned-top is-not-stacked-on-mobile is-layout-flex wp-container-core-columns-is-layout-60e7d178 wp-block-columns-is-layout-flex\" id=\"home_quotes_slider\" style=\"padding-bottom:var(--wp--preset--spacing--40-px)\">\n<div class=\"wp-block-column is-vertically-aligned-top is-layout-flow wp-block-column-is-layout-flow\">\n<div class=\"wp-block-dxtrade-dxtrade-quote\"><blockquote><p>Con BlackBull Trade ofrecemos a nuestros clientes un nuevo nivel de experiencia de usuario, que dif\u00edcilmente podr\u00e1n encontrar con ning\u00fan otro broker.<\/p><\/blockquote><div class=\"quoteContent\"><span class=\"quoteAuthor\">Michael Walker, Director General<\/span><span class=\"quoteDescription\">BlackBull<\/span><\/div><\/div>\n<\/div>\n\n\n\n<div class=\"wp-block-column is-vertically-aligned-top is-layout-flow wp-block-column-is-layout-flow\">\n<div class=\"wp-block-dxtrade-dxtrade-quote\"><blockquote><p>El pensamiento innovador siempre ha sido el centro de nuestra estrategia de crecimiento. Deriv trabaja continuamente en la introducci\u00f3n de nuevos productos y servicios para ofrecer a nuestros clientes<span class=\"quoteReadMoreDots\" data-quote-read-more-dots=\"\">&#8230; <\/span><a class=\"quoteReadMoreLink\" data-quote-read-more-link=\"\" href=\"#\">Leer m\u00e1s<\/a><span class=\"quoteHiddenText\" data-quote-hidden-text=\"\"> la oportunidad de utilizar la \u00faltima tecnolog\u00eda, maximizando su probabilidad de \u00e9xito. Colocamos a nuestros clientes en el centro de todo lo que hacemos y utilizamos todos nuestros recursos para ayudarles a estar siempre un paso adelante del mercado.<\/span><\/p><\/blockquote><div class=\"quoteContent\"><span class=\"quoteAuthor\">Jean-Yves Sireau, CEO<\/span><span class=\"quoteDescription\">Deriv<\/span><\/div><\/div>\n<\/div>\n<\/div>\n<\/div>\n\n\n\n<div class=\"wp-block-columns is-layout-flex wp-container-core-columns-is-layout-7d3b5c92 wp-block-columns-is-layout-flex\" style=\"padding-top:var(--wp--preset--spacing--60-px);padding-bottom:var(--wp--preset--spacing--60-px)\">\n<div class=\"wp-block-column is-layout-flow wp-block-column-is-layout-flow\">\n<h2 class=\"wp-block-heading has-text-align-center\" id=\"h-por-que-elegir-a-dxtrade\">\u00bfPor qu\u00e9 elegir a <span class=\"gradientText\">DXtrade<\/span>?<\/h2>\n\n\n\n<p class=\"has-text-align-center subtitle -lgHidden\">DXtrade es una familia de plataformas broker neutral para trading de activos<br>y mercados m\u00faltiples.<\/p>\n\n\n<div class=\"homeTextVideo\">\n  <div class=\"homeTextVideoItem\">\n    <div class=\"homeTextVideoCol colVideo\">\n      <div class=\"homeTextVideoItemVideo\">\n        <video width=\"1240\" height=\"768\" autoplay loop muted playsinline>\n          <source src=\"https:\/\/dx.trade\/app\/uploads\/2025\/07\/screen-01-1.mov\" type='video\/quicktime; codecs=ap4h'>\n          <source src=\"https:\/\/dx.trade\/app\/uploads\/2025\/07\/screen_01.webm\" type='video\/webm'>\n        <\/video>\n      <\/div>\n    <\/div>\n    <div class=\"homeTextVideoCol\">\n      <div class=\"homeTextVideoItemText\">\n        <span class=\"overline\">BENEFICIOS<\/span>\n        <h3>Inicia r\u00e1pidamente<br> tu negocio.<\/h3>\n        <p>Ponga en marcha DXtrade con integraci\u00f3n a su infraestructura de corretaje en solo unas semanas.<\/p>\n      <\/div>\n    <\/div>\n  <\/div>\n\n  <div class=\"homeTextVideoItem\">\n    <div class=\"homeTextVideoCol colVideo\">\n      <div class=\"homeTextVideoItemVideo wide wideRight\">\n        <video width=\"1240\" height=\"768\" autoplay loop muted playsinline>\n          <source src=\"https:\/\/dx.trade\/app\/uploads\/2025\/07\/screen-02-1.mov\" type='video\/quicktime; codecs=ap4h'>\n          <source src=\"https:\/\/dx.trade\/app\/uploads\/2025\/07\/screen_02.webm\" type='video\/webm'>\n        <\/video>\n      <\/div>\n    <\/div>\n    <div class=\"homeTextVideoCol\">\n      <div class=\"homeTextVideoItemText\">\n        <span class=\"overline\">BENEFICIOS<\/span>\n        <h3>Win new clients with multiple asset classes<\/h3>\n        <p>Offer your clients a variety of asset classes, including futures and options, to diversify their portfolio and hedging strategies on their way to becoming successful traders.<\/p>\n      <\/div>\n    <\/div>\n  <\/div>\n\n  <div class=\"homeTextVideoItem\">\n    <div class=\"homeTextVideoCol colVideo verticalImage\">\n      <div class=\"homeTextVideoItemVideo\">\n        <video width=\"1240\" height=\"768\" autoplay loop muted playsinline>\n          <source src=\"https:\/\/dx.trade\/app\/uploads\/2025\/07\/screen-03-1-1.mov\" type='video\/quicktime; codecs=ap4h'>\n          <source src=\"https:\/\/dx.trade\/app\/uploads\/2025\/07\/screen_03-2.webm\" type='video\/webm'>\n        <\/video>\n      <\/div>\n    <\/div>\n\n    <div class=\"homeTextVideoCol\">\n      <div class=\"homeTextVideoItemText\">\n        <span class=\"overline\">BENEFICIOS<\/span>\n        <h3>Ofrece lo \u00faltimo en experiencia e interfaz de usuario<\/h3>\n        <p>Ofrece una plataforma de trading realmente diferente con tu interfaz \u00fanica y destaca entre la competencia.<\/p>\n      <\/div>\n    <\/div>\n  <\/div>\n\n  <div class=\"homeTextVideoItem\">\n    <div class=\"homeTextVideoCol colVideo horizontalImage\">\n      <div class=\"homeTextVideoItemVideo\">\n        <video width=\"1240\" height=\"768\" autoplay loop muted playsinline>\n          <source src=\"https:\/\/dx.trade\/app\/uploads\/2025\/07\/screen-04-1.mov\" type='video\/quicktime; codecs=ap4h'>\n          <source src=\"https:\/\/dx.trade\/app\/uploads\/2025\/07\/screen_04.webm\" type='video\/webm'>\n        <\/video>\n      <\/div>\n    <\/div>\n    <div class=\"homeTextVideoCol\">\n      <div class=\"homeTextVideoItemText\">\n        <span class=\"overline\">BENEFICIOS<\/span>\n        <h3>Allow fractional<br>and notional trading<\/h3>\n        <p>Enable orders in fractions or in notional value and increase your user base to allow buying fractions of stocks to satisfy investment goals of every trader.<\/p>\n      <\/div>\n    <\/div>\n  <\/div>\n\n  <div class=\"homeTextVideoItem\">\n    <div class=\"homeTextVideoCol colVideo horizontalImage brokersRisk\">\n      <div class=\"homeTextVideoItemVideo wide wideLeft\">\n        <video width=\"1240\" height=\"768\" autoplay loop muted playsinline>\n          <source src=\"https:\/\/dx.trade\/app\/uploads\/2025\/07\/screen-05-1-2.mov\" type='video\/quicktime; codecs=ap4h'>\n          <source src=\"https:\/\/dx.trade\/app\/uploads\/2025\/07\/screen_05-3.webm\" type='video\/webm'>\n        <\/video>\n      <\/div>\n    <\/div>\n    <div class=\"homeTextVideoCol\">\n      <div class=\"homeTextVideoItemText\">\n        <span class=\"overline\">BENEFICIOS<\/span>\n        <h3>Proactively manage risk<\/h3>\n        <p>Real-time margin calculations for complex portfolios: Reg T and options margin for equities and options, CME SPAN for futures and futures options.<\/p>\n      <\/div>\n    <\/div>\n  <\/div>\n\n  <div class=\"homeTextVideoItem\">\n    <div class=\"homeTextVideoCol colVideo horizontalImage\">\n      <div class=\"homeTextVideoItemVideo\">\n        <video width=\"1240\" height=\"768\" autoplay loop muted playsinline>\n          <source src=\"https:\/\/dx.trade\/app\/uploads\/2026\/02\/ai-defense.mov\" type='video\/quicktime; codecs=ap4h'>\n          <source src=\"https:\/\/dx.trade\/app\/uploads\/2026\/02\/ai-defense.webm\" type='video\/webm'>\n        <\/video>\n      <\/div>\n    <\/div>\n    <div class=\"homeTextVideoCol\">\n      <div class=\"homeTextVideoItemText\">\n        <span class=\"overline\">BENEFICIOS<\/span>\n        <h3>AI-assisted retention<\/h3>\n        <p>Our new trader support widget uses AI as a first line of defense, allowing support teams to step in and retain users with chat, in-platform video calls, and screen sharing.<\/p>\n      <\/div>\n    <\/div>\n  <\/div>\n\n  <div class=\"homeTextVideoItem\">\n    <div class=\"homeTextVideoCol colVideo horizontalImage\">\n      <div class=\"homeTextVideoItemVideo wide wideLeft\">\n        <video width=\"1240\" height=\"768\" autoplay loop muted playsinline>\n          <source src=\"https:\/\/dx.trade\/app\/uploads\/2026\/02\/churn-prediction.mov\" type='video\/quicktime; codecs=ap4h'>\n          <source src=\"https:\/\/dx.trade\/app\/uploads\/2026\/02\/churn-prediction.webm\" type='video\/webm'>\n        <\/video>\n      <\/div>\n    <\/div>\n    <div class=\"homeTextVideoCol\">\n      <div class=\"homeTextVideoItemText\">\n        <span class=\"overline\">BENEFICIOS<\/span>\n        <h3>Churn prediction<\/h3>\n        <p>DXtrade\u2019s churn prediction API provides early disengagement signals, empowering you to provide preemptive outreach with a human touch.<\/p>\n      <\/div>\n    <\/div>\n  <\/div>\n\n  <div class=\"homeTextVideoFloatedFigurePath\" data-floated-figure-path><\/div>\n  <div class=\"homeTextVideoFloatedFigure\" data-floated-figure><\/div>\n<\/div>\n\n<\/div>\n<\/div>\n\n\n\n<div class=\"wp-block-dxtrade-cta-banner isAnimated\"><div class=\"ctaBlockContent\"><h2 class=\"ctaBlockTitle\"><span class=\"ctaBlockTitleStaticText\">\u00bfInteresado en<\/span><span class=\"ctaBlockTitleAnimationWrapper\"><span class=\"ctaBlockTitleColored\">DXtrade<\/span>?<\/span><\/h2><p class=\"ctaBlockText\">\u00a1Pru\u00e9balo ahora mismo!<\/p><a href=\"https:\/\/dx.trade\/request-a-demo\" class=\"ctaBlockButton button\">Acceder a DXtrade<\/a><\/div><\/div>\n","protected":false},"excerpt":{"rendered":"<p>Plataformas de TradingActivos m\u00faltiples Brokers Acciones, Opciones, Futuros,Fondos Mutuos, y Bonos FX, CFDs,y Apuestas a M\u00e1rgenes Spot de Criptomonedasy M\u00e1rgenes&#8230;<\/p>\n","protected":false},"author":1,"featured_media":6327,"parent":0,"menu_order":0,"comment_status":"closed","ping_status":"open","template":"","meta":{"_acf_changed":false,"footnotes":""},"class_list":["post-6669","page","type-page","status-publish","has-post-thumbnail","hentry"],"acf":[],"_links":{"self":[{"href":"https:\/\/dx.trade\/es\/wp-json\/wp\/v2\/pages\/6669","targetHints":{"allow":["GET"]}}],"collection":[{"href":"https:\/\/dx.trade\/es\/wp-json\/wp\/v2\/pages"}],"about":[{"href":"https:\/\/dx.trade\/es\/wp-json\/wp\/v2\/types\/page"}],"author":[{"embeddable":true,"href":"https:\/\/dx.trade\/es\/wp-json\/wp\/v2\/users\/1"}],"replies":[{"embeddable":true,"href":"https:\/\/dx.trade\/es\/wp-json\/wp\/v2\/comments?post=6669"}],"version-history":[{"count":17,"href":"https:\/\/dx.trade\/es\/wp-json\/wp\/v2\/pages\/6669\/revisions"}],"predecessor-version":[{"id":8259,"href":"https:\/\/dx.trade\/es\/wp-json\/wp\/v2\/pages\/6669\/revisions\/8259"}],"wp:featuredmedia":[{"embeddable":true,"href":"https:\/\/dx.trade\/es\/wp-json\/wp\/v2\/media\/6327"}],"wp:attachment":[{"href":"https:\/\/dx.trade\/es\/wp-json\/wp\/v2\/media?parent=6669"}],"curies":[{"name":"wp","href":"https:\/\/api.w.org\/{rel}","templated":true}]}}